{"id":749,"date":"2023-10-15T11:44:20","date_gmt":"2023-10-15T09:44:20","guid":{"rendered":"http:\/\/hishima-conduite.fr\/?page_id=749"},"modified":"2023-10-15T11:44:20","modified_gmt":"2023-10-15T09:44:20","slug":"perfectionnement","status":"publish","type":"page","link":"https:\/\/hishima-conduite.fr\/?page_id=749","title":{"rendered":"PERFECTIONNEMENT"},"content":{"rendered":"\n<p>Vous avez votre permis de conduire mais vous n\u2019avez pas conduit depuis longtemps, vous n\u2019\u00eates pas s\u00fbr(e) de votre conduite, ou avez v\u00e9cu une mauvaise exp\u00e9rience de conduite?Le perfectionnement \u00e0 la conduite est fait pour vous !Parce que apprendre \u00e0 conduire ne s\u2019arr\u00eate pas \u00e0 l\u2019obtention du permis de conduire, nous vous proposons de vous suivre au-del\u00e0 de votre r\u00e9ussite, pour parfaire votre conduite et (re)prendre le volant de votre voiture dans la s\u00e9r\u00e9nit\u00e9.Vous avez la libert\u00e9 de planifier vos s\u00e9ances de conduite avec un formateur \u00e0 votre convenance, en semaine ou tout au long du week-end.<\/p>\n\n\n\n<p>PERFECTIONNEMENT POUR QUI ?<\/p>\n\n\n\n<p>Le perfectionnement \u00e0 la conduite est ouvert \u00e0 toute personne ayant d\u00e9j\u00e0 le permis de conduire souhaitant :<\/p>\n\n\n\n<ul>\n<li>actualiser ses connaissances et ses savoirs-faire , voir ,revoir, ou approfondir, certains aspects de la conduite reprendre confiance en soi apr\u00e8s une mauvaise exp\u00e9rience de conduite<\/li>\n\n\n\n<li>acqu\u00e9rir plus d\u2019exp\u00e9rience de conduite sous l\u2019\u0153il d\u2019un professionnel<\/li>\n<\/ul>\n\n\n\n<p>Un formateur vous accompagnera dans votre perfectionnement avec patience et \u00e9coute.<\/p>\n\n\n\n<p>SES BUTS<\/p>\n\n\n\n<p>\u00catre autonome dans les diff\u00e9rents types de circulation:  simple et complexe\u00catre en mesure de pr\u00e9venir les risques de la route\u00catre plus s\u00fbr(e) dans vos prises de d\u00e9cisionsRetrouver une aisance dans la conduiteApprofondir les acquis et actualiser ses connaissances en mati\u00e8re de code de la routeAdopter une conduite \u00e9cologique et \u00e9conomiqueRetrouver le plaisir de conduire\u2026<\/p>\n","protected":false},"excerpt":{"rendered":"Vous avez votre permis de conduire mais vous n\u2019avez pas conduit depuis longtemps, vous n\u2019\u00eates pas s\u00fbr(e) de votre conduite, ou avez v\u00e9cu une mauvaise exp\u00e9rience de conduite?Le perfectionnement \u00e0 la conduite est fait pour vous !Parce que apprendre \u00e0 conduire ne s\u2019arr\u00eate pas \u00e0 <a href=\"https:\/\/hishima-conduite.fr\/?page_id=749\" title=\"PERFECTIONNEMENT\">[Voir plus]<\/a>\n","protected":false},"author":4,"featured_media":0,"parent":0,"menu_order":0,"comment_status":"closed","ping_status":"closed","template":"","meta":{"footnotes":""},"_links":{"self":[{"href":"https:\/\/hishima-conduite.fr\/index.php?rest_route=\/wp\/v2\/pages\/749"}],"collection":[{"href":"https:\/\/hishima-conduite.fr\/index.php?rest_route=\/wp\/v2\/pages"}],"about":[{"href":"https:\/\/hishima-conduite.fr\/index.php?rest_route=\/wp\/v2\/types\/page"}],"author":[{"embeddable":true,"href":"https:\/\/hishima-conduite.fr\/index.php?rest_route=\/wp\/v2\/users\/4"}],"replies":[{"embeddable":true,"href":"https:\/\/hishima-conduite.fr\/index.php?rest_route=%2Fwp%2Fv2%2Fcomments&post=749"}],"version-history":[{"count":1,"href":"https:\/\/hishima-conduite.fr\/index.php?rest_route=\/wp\/v2\/pages\/749\/revisions"}],"predecessor-version":[{"id":750,"href":"https:\/\/hishima-conduite.fr\/index.php?rest_route=\/wp\/v2\/pages\/749\/revisions\/750"}],"wp:attachment":[{"href":"https:\/\/hishima-conduite.fr\/index.php?rest_route=%2Fwp%2Fv2%2Fmedia&parent=749"}],"curies":[{"name":"wp","href":"https:\/\/api.w.org\/{rel}","templated":true}]}}