{"id":725,"date":"2023-10-13T17:21:04","date_gmt":"2023-10-13T15:21:04","guid":{"rendered":"http:\/\/hishima-conduite.fr\/?page_id=725"},"modified":"2023-10-19T16:17:39","modified_gmt":"2023-10-19T14:17:39","slug":"permis-a1-formation-125cm3","status":"publish","type":"page","link":"https:\/\/hishima-conduite.fr\/?page_id=725","title":{"rendered":"Formation 125"},"content":{"rendered":"\n<p><br>FORMATION 7 H AVEC LE PERMIS B<\/p>\n\n\n\n<p>Les personnes titulaires du permis B depuis au moins 2 ans qui souhaitent conduire un deux-roues motoris\u00e9 de 50 \u00e0 125 cm3 peuvent obtenir la cat\u00e9gorie A1 du permis de conduite gr\u00e2ce \u00e0 une \u00e9quivalence : \u00ab&nbsp;la formation de 7 heures&nbsp;\u00bb sans avoir \u00e0 passer un examen.<\/p>\n\n\n\n<p>Cette formation s\u2019articule en trois modules:<\/p>\n\n\n\n<ul>\n<li>2 heures de th\u00e9orie<\/li>\n\n\n\n<li>2 heures de pratique hors circulation (\u00ab sur plateau \u00bb)<\/li>\n\n\n\n<li>3 heures de pratique en circulation.<\/li>\n<\/ul>\n\n\n\n<p>L\u2019objectif de cette formation est de familiariser le futur conducteur avec la moto. La formation met en avant l\u2019importance de la prise de conscience des risques et la n\u00e9cessit\u00e9 de respecter les r\u00e8gles. Elle insiste \u00e9galement sur les avantages qu\u2019il y a \u00e0 adopter une conduite apais\u00e9e, respectueuse des autres et de l\u2019environnement.<\/p>\n\n\n\n<p>2 heures de th\u00e9orie<\/p>\n\n\n\n<p>Sur les 7 heures de formation, 2 heures sont attribu\u00e9es \u00e0 un enseignement th\u00e9orique. L\u2019enseignement comprend :<\/p>\n\n\n\n<ul>\n<li>l\u2019analyse des accidents les plus caract\u00e9ristiques impliquant les motocyclettes l\u00e9g\u00e8res et les tricycles \u00e0 moteur ;<\/li>\n\n\n\n<li>des conseils qui permettent d\u2019appr\u00e9hender les pi\u00e8ges de la route : conduire sous la pluie ou de nuit, se rendre visible aupr\u00e8s des autres usagers , s\u2019\u00e9quiper en v\u00eatements protecteurs de qualit\u00e9, conna\u00eetre les manques d\u2019adh\u00e9rence (gravillons, ralentisseurs, peintures au sol etc.) ;<\/li>\n\n\n\n<li>les cons\u00e9quences physiques et physiologiques des chocs sur les am\u00e9nagements de la route, y compris \u00e0 petite vitesse.<\/li>\n<\/ul>\n\n\n\n<p>2 heures de pratique hors circulation \u00ab sur plateau \u00bb<\/p>\n\n\n\n<p>Ces deux heures sont consacr\u00e9es \u00e0 la prise en main du v\u00e9hicule et aux v\u00e9rifications indispensables : huile, pression et usure des pneumatiques, poign\u00e9e de gaz, syst\u00e8me de freinage, etc.<\/p>\n\n\n\n<p>La personne en formation apprend :<\/p>\n\n\n\n<ul>\n<li>\u00e0 d\u00e9marrer en toute s\u00e9curit\u00e9 ;<\/li>\n\n\n\n<li>\u00e0 monter et \u00e0 descendre les vitesses ;<\/li>\n\n\n\n<li>\u00e0 anticiper les man\u0153uvres de freinage et d\u2019\u00e9vitement ;<\/li>\n\n\n\n<li>\u00e0 s\u2019arr\u00eater.<\/li>\n<\/ul>\n\n\n\n<p>Le futur usager est particuli\u00e8rement sensibilis\u00e9 \u00e0 la position sur la moto : bien positionner son regard avant de virer ou de tourner, tenir l\u2019\u00e9quilibre \u00e0 petite vitesse avec et sans passager, en ligne droite et en virage et \u00e0 bien positionner son corps pour assurer un meilleur \u00e9quilibre gr\u00e2ce \u00e0 une juste r\u00e9partition du poids.<\/p>\n\n\n\n<p>3 heures de pratique en circulation<\/p>\n\n\n\n<p>\u00c0 l\u2019issue des 3 heures hors-agglom\u00e9ration, le conducteur doit \u00eatre capable :<\/p>\n\n\n\n<ul>\n<li>d\u2019adapter sa vitesse aux circonstances de la circulation ;<\/li>\n\n\n\n<li>de choisir la bonne voie et de bien se placer sur la chauss\u00e9e en fonction notamment des angles morts des v\u00e9hicules lourds ;<\/li>\n\n\n\n<li>de franchir une intersection, de changer de direction et de d\u00e9passer en toute s\u00e9curit\u00e9 en tenant compte du ph\u00e9nom\u00e8ne d\u2019aspiration ;<\/li>\n\n\n\n<li>de savoir n\u00e9gocier un virage en toute s\u00e9curit\u00e9.<\/li>\n<\/ul>\n","protected":false},"excerpt":{"rendered":"FORMATION 7 H AVEC LE PERMIS B Les personnes titulaires du permis B depuis au moins 2 ans qui souhaitent conduire un deux-roues motoris\u00e9 de 50 \u00e0 125 cm3 peuvent obtenir la cat\u00e9gorie A1 du permis de conduite gr\u00e2ce \u00e0 une \u00e9quivalence : \u00ab&nbsp;la formation <a href=\"https:\/\/hishima-conduite.fr\/?page_id=725\" title=\"Formation 125\">[Voir plus]<\/a>\n","protected":false},"author":4,"featured_media":0,"parent":0,"menu_order":0,"comment_status":"closed","ping_status":"closed","template":"","meta":{"footnotes":""},"_links":{"self":[{"href":"https:\/\/hishima-conduite.fr\/index.php?rest_route=\/wp\/v2\/pages\/725"}],"collection":[{"href":"https:\/\/hishima-conduite.fr\/index.php?rest_route=\/wp\/v2\/pages"}],"about":[{"href":"https:\/\/hishima-conduite.fr\/index.php?rest_route=\/wp\/v2\/types\/page"}],"author":[{"embeddable":true,"href":"https:\/\/hishima-conduite.fr\/index.php?rest_route=\/wp\/v2\/users\/4"}],"replies":[{"embeddable":true,"href":"https:\/\/hishima-conduite.fr\/index.php?rest_route=%2Fwp%2Fv2%2Fcomments&post=725"}],"version-history":[{"count":10,"href":"https:\/\/hishima-conduite.fr\/index.php?rest_route=\/wp\/v2\/pages\/725\/revisions"}],"predecessor-version":[{"id":759,"href":"https:\/\/hishima-conduite.fr\/index.php?rest_route=\/wp\/v2\/pages\/725\/revisions\/759"}],"wp:attachment":[{"href":"https:\/\/hishima-conduite.fr\/index.php?rest_route=%2Fwp%2Fv2%2Fmedia&parent=725"}],"curies":[{"name":"wp","href":"https:\/\/api.w.org\/{rel}","templated":true}]}}