{"id":716,"date":"2023-10-13T11:05:30","date_gmt":"2023-10-13T09:05:30","guid":{"rendered":"http:\/\/hishima-conduite.fr\/?page_id=716"},"modified":"2023-10-13T11:05:30","modified_gmt":"2023-10-13T09:05:30","slug":"conduite-accompagnee","status":"publish","type":"page","link":"https:\/\/hishima-conduite.fr\/?page_id=716","title":{"rendered":"Conduite accompagn\u00e9e"},"content":{"rendered":"\n<p>D\u00e8s 15 ans, un jeune peut apprendre \u00e0 conduire. Cet apprentissage anticip\u00e9 de la conduite (AAC), ou conduite accompagn\u00e9e, offre de nombreux avantages. Notamment l\u2019occasion d\u2019acqu\u00e9rir une solide exp\u00e9rience de la conduite en situation r\u00e9elle, avant de se lancer seul(e) sur la route.<\/p>\n\n\n\n<p><\/p>\n\n\n\n<p><br>QU&rsquo;EST CE QUE LA CONDUITE ACCOMPAGN\u00c9E ?<\/p>\n\n\n\n<p>La conduite accompagn\u00e9e (AAC) permet de conduire en dehors de l\u2019auto \u00e9cole sous le contr\u00f4le d\u2019un accompagnateur.<\/p>\n\n\n\n<p>En effet, apr\u00e8s une formation initiale en \u00e9cole de conduite, vous partez acqu\u00e9rir de l\u2019exp\u00e9rience au volant en toute confiance, dans des conditions de circulation diverses et vari\u00e9es.<\/p>\n\n\n\n<p><br>QUELLES SONT LES CONDITIONS D&rsquo;ACC\u00c8S ?<\/p>\n\n\n\n<p>Pour s\u2019inscrire \u00e0 l\u2019AAC , il faut :<\/p>\n\n\n\n<ul>\n<li>\u00eatre \u00e2g\u00e9 d\u2019au moins 15 ans ;<\/li>\n\n\n\n<li>avoir l\u2019accord de son repr\u00e9sentant l\u00e9gal et de l\u2019assureur du v\u00e9hicule.<\/li>\n<\/ul>\n\n\n\n<p><br>QUELS AVANTAGES ?<\/p>\n\n\n\n<p>La conduite accompagn\u00e9e a de nombreux avantages :<\/p>\n\n\n\n<ul>\n<li>Acqu\u00e9rir une exp\u00e9rience de conduite.<\/li>\n\n\n\n<li>Gagner en confiance pour le passage pratique de l\u2019examen, mais aussi en tant que futur conducteur.<\/li>\n\n\n\n<li><strong>un taux de r\u00e9ussite plus important<\/strong>&nbsp;lors du passage de l\u2019\u00e9preuve du permis avec 75 % de r\u00e9ussite contre 57 % dans la fili\u00e8re traditionnelle .<\/li>\n\n\n\n<li><strong>une p\u00e9riode probatoire r\u00e9duite<\/strong>&nbsp;: les jeunes conducteurs ayant suivi la conduite accompagn\u00e9e seront cr\u00e9dit\u00e9s de leurs 12 points sur le permis \u00e0 l\u2019issue de 2 ans sans commettre d\u2019infraction, contre 3 ans pour les titulaires ayant obtenu le permis via la fili\u00e8re traditionnelle.<\/li>\n\n\n\n<li>passer l\u2019\u00e9preuve pratique du permis de conduire d\u00e8s 17 ans.<\/li>\n\n\n\n<li>obtenir un tarif pr\u00e9f\u00e9rentiel sur son assurance \u00abjeune conducteur\u00bb.<\/li>\n\n\n\n<li>commencer la formation initiale en \u00e9cole de conduite (code et conduite), d\u00e8s l\u2019\u00e2ge de 15 ans.&nbsp;<\/li>\n<\/ul>\n\n\n\n<p><a><br>LA FORMATION INITIALE EN \u00c9COLE DE CONDUITE<\/a><\/p>\n\n\n\n<p>Avant de pouvoir conduire avec l\u2019accompagnateur, l\u2019\u00e9l\u00e8ve doit suivre une formation initiale qui comprend&nbsp;:<\/p>\n\n\n\n<ul>\n<li>une formation th\u00e9orique sur les enjeux de la s\u00e9curit\u00e9 routi\u00e8re permettant de pr\u00e9parer l\u2019\u00e9preuve th\u00e9orique g\u00e9n\u00e9rale (code de la route)<\/li>\n\n\n\n<li>une formation pratique (cours de conduite) dont la dur\u00e9e ne peut \u00eatre inf\u00e9rieure \u00e0 20 heures.<\/li>\n\n\n\n<li>une \u00e9valuation pr\u00e9alable de deux heure obligatoire avant de commencer la formation.<\/li>\n<\/ul>\n\n\n\n<p>Une fois l\u2019examen du code obtenu, et lorsque le niveau de conduite est jug\u00e9 satisfaisant par l\u2019enseignant de la conduite, celui-ci d\u00e9livre \u00e0 l\u2019\u00e9l\u00e8ve une attestation de fin de formation initiale (AFFI) qui prouve que l\u2019\u00e9l\u00e8ve a atteint le niveau n\u00e9cessaire et indispensable pour commencer la conduite avec un accompagnateur.<\/p>\n\n\n\n<p>Il doit notamment savoir :<\/p>\n\n\n\n<ul>\n<li>ma\u00eetriser le v\u00e9hicule \u00e0 allure lente ou mod\u00e9r\u00e9e, le trafic \u00e9tant faible ou nul&nbsp;;<\/li>\n\n\n\n<li>choisir sa position sur la chauss\u00e9e, franchir une intersection ou changer de direction&nbsp;;<\/li>\n\n\n\n<li>circuler dans des conditions normales sur route et en agglom\u00e9ration&nbsp;;<\/li>\n\n\n\n<li>conna\u00eetre les situations pr\u00e9sentant des difficult\u00e9s particuli\u00e8res.<\/li>\n<\/ul>\n\n\n\n<p><br>QUI PEUT \u00caTRE ACCOMPAGNATEUR ?<\/p>\n\n\n\n<p>Pour \u00eatre accompagnateur, il faut :<\/p>\n\n\n\n<ul>\n<li>\u00eatre titulaire du permis B depuis au moins cinq ans sans interruption.<\/li>\n\n\n\n<li>avoir obtenu l\u2019accord de son assureur.<\/li>\n\n\n\n<li>ne pas avoir \u00e9t\u00e9 condamn\u00e9 pour certains d\u00e9lits (homicides et blessures involontaires, conduite sous l\u2019emprise d\u2019\u00e9tat alcoolique, d\u00e9lit de fuite\u2026).<\/li>\n\n\n\n<li>participer au rendez-vous p\u00e9dagogique pr\u00e9alable \u00e0 l\u2019aac.<\/li>\n<\/ul>\n\n\n\n<p>Il est possible, pour l\u2019\u00e9l\u00e8ve, d\u2019avoir plusieurs accompagnateurs, y compris hors du cadre familial.<\/p>\n\n\n\n<p><br>LE D\u00c9ROULEMENT DE LA PHASE DE CONDUITE ACCOMPAGN\u00c9E<\/p>\n\n\n\n<p>Les grandes \u00e9tapes de l\u2019apprentissage anticip\u00e9 de la conduite sont :<\/p>\n\n\n\n<ul>\n<li>un RDV p\u00e9dagogique&nbsp; avec un accompagnateur avant de commencer l\u2019apprentissage.<\/li>\n\n\n\n<li>une dur\u00e9e de conduite accompagn\u00e9e de minimum 1 an.<\/li>\n\n\n\n<li>Parcourir au moins 3000 kilom\u00e8tres.<\/li>\n\n\n\n<li>participer aux deux RDV p\u00e9dagogique p\u00e9riodiques obligatoires avec un formateur.<\/li>\n<\/ul>\n\n\n\n<p>Un rendez-vous p\u00e9dagogique pr\u00e9alable d\u2019une dur\u00e9e de deux heures, avec l\u2019accompagnateur et le formateur est obligatoire. L\u2019enseignant de la conduite donne, \u00e0 cette occasion, de des conseils et des informations \u00e0 l\u2019accompagnateur afin d\u2019assurer une continuit\u00e9 dans la formation.<\/p>\n\n\n\n<p>La conduite avec l\u2019accompagnateur se d\u00e9roule ensuite sur une dur\u00e9e minimale d\u2019un an. Durant cette p\u00e9riode, l\u2019\u00e9l\u00e8ve conducteur devra parcourir au minimum 3 000 kilom\u00e8tres, sous la vigilance et les conseils de l\u2019accompagnateur.<\/p>\n\n\n\n<p>Un suivi est assur\u00e9 par l\u2019\u00e9cole de conduite sous la forme de deux rendez-vous p\u00e9dagogiques obligatoires avec l\u2019\u00e9l\u00e8ve, l\u2019un entre 6 et 8 mois de conduite (et environ 1 000 kilom\u00e8tres parcourus), l\u2019autre \u00e0 l\u2019issue des 3 000 km.&nbsp;<\/p>\n\n\n\n<p>C\u2019est lors du deuxi\u00e8me rendez-vous p\u00e9dagogique que le formateur d\u00e9cide si le candidat est pr\u00eat \u00e0 passer l\u2019\u00e9preuve pratique du permis de conduire lorsqu\u2019il aura 17 ans.<\/p>\n\n\n\n<p>R\u00c8GLEMENTATION DURANT LA CONDUITE ACCOMPAGN\u00c9E \u00c0 MAYOTTE<\/p>\n\n\n\n<p>La phase de conduite accompagn\u00e9e n\u00e9cessite de respecter un certains nombres de r\u00e8gles.<\/p>\n\n\n\n<p>Il vous faut :<\/p>\n\n\n\n<ul>\n<li>utiliser un v\u00e9hicule \u00e9quip\u00e9 de&nbsp;<strong>deux r\u00e9troviseurs lat\u00e9raux&nbsp;<\/strong>;<\/li>\n\n\n\n<li>ne pas d\u00e9passer les vitesses maximales autoris\u00e9es pour les \u00e9l\u00e8ves conducteurs et les jeunes conducteurs \u00e0 savoir :<\/li>\n\n\n\n<li><strong>70 km\/h&nbsp;<\/strong>sur les sections de route hors agglom\u00e9ration.<\/li>\n\n\n\n<li><strong>50 km\/h<\/strong>&nbsp;en agglom\u00e9ration.<\/li>\n\n\n\n<li>apposer de fa\u00e7on visible, \u00e0 l\u2019arri\u00e8re de votre v\u00e9hicule,&nbsp;<strong>le disque conduite accompagn\u00e9e.<\/strong><\/li>\n\n\n\n<li>avoir toujours avec soi en conduite accompagn\u00e9e&nbsp;<strong>le livret d\u2019apprentissage<\/strong>, votre&nbsp;<strong>cerfa02<\/strong>&nbsp;(formulaire de demande de permis de conduire) et&nbsp;<strong>le document d\u2019extension de garantie de l\u2019assurance<\/strong>. Ces deux documents tiennent lieu de justificatif en cas de contr\u00f4le par les forces de l\u2019ordre.<\/li>\n\n\n\n<li>Conduite exclusive sur le territoire nation<\/li>\n<\/ul>\n\n\n\n<p>PASSAGE DE L&rsquo;\u00c9PREUVE PRATIQUE DU PERMIS<\/p>\n\n\n\n<p>Depuis l\u2019\u00e9t\u00e9 2019, c\u2019est&nbsp;<a href=\"https:\/\/www.legifrance.gouv.fr\/eli\/arrete\/2019\/7\/16\/INTS1914194A\/jo\/texte\" target=\"_blank\" rel=\"noreferrer noopener\">d\u00e8s l\u2019\u00e2ge de 17 ans<\/a>&nbsp;(au lieu de 17 ans et demi) que les jeunes ayant suivi une formation en conduite accompagn\u00e9e ou AAC (apprentissage anticip\u00e9 de la conduite) peuvent passer l\u2019\u00e9preuve pratique du permis de conduire. Mais attention ! Ils ne peuvent pas conduire sans accompagnateur avant 18 ans<\/p>\n","protected":false},"excerpt":{"rendered":"D\u00e8s 15 ans, un jeune peut apprendre \u00e0 conduire. Cet apprentissage anticip\u00e9 de la conduite (AAC), ou conduite accompagn\u00e9e, offre de nombreux avantages. Notamment l\u2019occasion d\u2019acqu\u00e9rir une solide exp\u00e9rience de la conduite en situation r\u00e9elle, avant de se lancer seul(e) sur la route. QU&rsquo;EST CE <a href=\"https:\/\/hishima-conduite.fr\/?page_id=716\" title=\"Conduite accompagn\u00e9e\">[Voir plus]<\/a>\n","protected":false},"author":4,"featured_media":0,"parent":0,"menu_order":0,"comment_status":"closed","ping_status":"closed","template":"","meta":{"footnotes":""},"_links":{"self":[{"href":"https:\/\/hishima-conduite.fr\/index.php?rest_route=\/wp\/v2\/pages\/716"}],"collection":[{"href":"https:\/\/hishima-conduite.fr\/index.php?rest_route=\/wp\/v2\/pages"}],"about":[{"href":"https:\/\/hishima-conduite.fr\/index.php?rest_route=\/wp\/v2\/types\/page"}],"author":[{"embeddable":true,"href":"https:\/\/hishima-conduite.fr\/index.php?rest_route=\/wp\/v2\/users\/4"}],"replies":[{"embeddable":true,"href":"https:\/\/hishima-conduite.fr\/index.php?rest_route=%2Fwp%2Fv2%2Fcomments&post=716"}],"version-history":[{"count":5,"href":"https:\/\/hishima-conduite.fr\/index.php?rest_route=\/wp\/v2\/pages\/716\/revisions"}],"predecessor-version":[{"id":721,"href":"https:\/\/hishima-conduite.fr\/index.php?rest_route=\/wp\/v2\/pages\/716\/revisions\/721"}],"wp:attachment":[{"href":"https:\/\/hishima-conduite.fr\/index.php?rest_route=%2Fwp%2Fv2%2Fmedia&parent=716"}],"curies":[{"name":"wp","href":"https:\/\/api.w.org\/{rel}","templated":true}]}}