{"id":23,"date":"2017-08-24T10:30:45","date_gmt":"2017-08-24T08:30:45","guid":{"rendered":"http:\/\/hishima-conduite.fr\/?page_id=23"},"modified":"2023-10-13T08:08:00","modified_gmt":"2023-10-13T06:08:00","slug":"news","status":"publish","type":"page","link":"https:\/\/hishima-conduite.fr\/?page_id=23","title":{"rendered":"PERMIS AUTO"},"content":{"rendered":"\n<p>Le permis B permet de conduire des voitures dont le poids en charge est inf\u00e9rieur \u00e0 3,5 tonnes, et qui ne peuvent transporter plus de 8 passagers. Son obtention est soumise \u00e0 des conditions d\u2019\u00e2ge, de formation et de r\u00e9ussite \u00e0 un examen compos\u00e9 du code et d\u2019une \u00e9preuve de conduite.<\/p>\n\n\n\n<p><strong>QUEL V\u00c9HICULE PEUT ON CONDUIRE AVEC LEPERMIS B<\/strong><\/p>\n\n\n\n<p>La cat\u00e9gorie b du permis de conduire permet de conduire les v\u00e9hicules :<\/p>\n\n\n\n<ul>\n<li>ayant un poids total autoris\u00e9 en charge (PTAC) qui n\u2019exc\u00e8de pas 3,5 tonnes<\/li>\n\n\n\n<li>affect\u00e9s au transport de personnes ou de marchandises<\/li>\n\n\n\n<li>con\u00e7us et construits pour le transport de huit passagers au maximum non compris le conducteur<\/li>\n<\/ul>\n\n\n\n<p><strong>D\u00c9ROULEMENT DE LA FORMATION<\/strong><\/p>\n\n\n\n<p>la formation au permis B se d\u00e9roule en deux parties, th\u00e9orique et pratique.<\/p>\n\n\n\n<p>La partie th\u00e9orique dite du code consiste \u00e0 pr\u00e9parer et \u00e0 passer avec r\u00e9ussite l\u2019examen du code de la route (ETG) :<\/p>\n\n\n\n<ul>\n<li>Le code en salle de code, aux horaires d&rsquo;ouverture du bureau. (possibilit\u00e9 de cours avec enseignant) <\/li>\n\n\n\n<li>Entrainement chez vous par internet ou en ext\u00e9rieur via nos plateformes num\u00e9rique avec votre smartphone.<\/li>\n<\/ul>\n\n\n\n<p>Une fois pr\u00e9par\u00e9(e) au code de la route vous passez votre examen de code. Celui-ci se compose d\u2019une s\u00e9rie de 40 questions. Pour \u00eatre re\u00e7u(e), il faut totaliser un minimum de 35 bonnes r\u00e9ponses.<\/p>\n\n\n\n<p>La deuxi\u00e8me phase pratique, consiste \u00e0 apprendre \u00e0 conduire avec un formateur en voiture. La formation pratique se d\u00e9roule en conformit\u00e9 avec le REMC (R\u00e9f\u00e9rentiel pour l\u2019\u00c9ducation \u00e0 une Mobilit\u00e9 Citoyenne) qui est le socle commun de tout programme d\u2019\u00e9ducation et de formation. Les comp\u00e9tences d\u00e9velopp\u00e9es sont les suivantes : <\/p>\n\n\n\n<p>1\u2013 Ma\u00eetriser le maniement du v\u00e9hicule dans un trafic faible ou nul<\/p>\n\n\n\n<p>2 \u2013 Appr\u00e9hender la route et circuler dans des conditions normales<\/p>\n\n\n\n<p>3 \u2013 Circuler dans des conditions difficiles et partager la route avec les autres usagers<\/p>\n\n\n\n<p>4 \u2013 Pratiquer une conduite autonome, s\u00fbre et \u00e9conomique<\/p>\n\n\n\n<p><strong>PASSAGE DE L&rsquo;\u00c9PREUVE PRATIQUE DU PERMIS<\/strong><\/p>\n\n\n\n<p>L\u2019\u00e9preuve pratique de la conduite permet de contr\u00f4ler si les connaissances, les aptitudes et le comportement du candidat lui permettent de circuler en toute s\u00e9curit\u00e9.<\/p>\n\n\n\n<h6 class=\"wp-block-heading\">Le d\u00e9roul\u00e9 de l\u2019\u00e9preuve&nbsp;<\/h6>\n\n\n\n<p>L\u2019examen dure 32 minutes. Il comprend :&nbsp;<\/p>\n\n\n\n<ul>\n<li>la v\u00e9rification de la recevabilit\u00e9 des documents d\u2019examen ;&nbsp;<\/li>\n\n\n\n<li>l\u2019accueil du candidat, la v\u00e9rification de son identit\u00e9 et s\u2019il a suivi une formation selon la formule de l\u2019apprentissage anticip\u00e9 de la conduite, de son attestation de fin de formation initiale ;<\/li>\n\n\n\n<li>la pr\u00e9sentation de l\u2019\u00e9preuve par l\u2019examinateur ;&nbsp;<\/li>\n\n\n\n<li>l\u2019installation au poste de conduite ;&nbsp;<\/li>\n\n\n\n<li>les r\u00e9glages du v\u00e9hicule n\u00e9cessaires avant le d\u00e9part et r\u00e9alis\u00e9s par le candidat ;&nbsp;<\/li>\n\n\n\n<li>une phase de conduite effective d\u2019une dur\u00e9e minimale de 25 minutes ;&nbsp;<\/li>\n\n\n\n<li>la r\u00e9alisation de deux man\u0153uvres particuli\u00e8res \u00e0 tester en relation avec la s\u00e9curit\u00e9 routi\u00e8re (un freinage pour s\u2019arr\u00eater avec pr\u00e9cision et une man\u0153uvre en marche arri\u00e8re) ;&nbsp;<\/li>\n\n\n\n<li>des questions portant notamment sur la v\u00e9rification d\u2019un \u00e9l\u00e9ment technique en relation avec la s\u00e9curit\u00e9 routi\u00e8re, \u00e0 l\u2019int\u00e9rieur et \u00e0 l\u2019ext\u00e9rieur du v\u00e9hicule ;&nbsp;<\/li>\n\n\n\n<li>la mise en action d\u2019un accessoire ou commande d\u2019accessoire en cours de circulation ;<\/li>\n\n\n\n<li>l\u2019\u00e9tablissement du certificat d\u2019examen du permis de conduire.<\/li>\n<\/ul>\n\n\n\n<h6 class=\"wp-block-heading\">Th\u00e9matiques \u00e9valu\u00e9es<\/h6>\n\n\n\n<p>L\u2019\u00e9preuve consiste \u00e0 valider les comp\u00e9tences des candidats au travers des situations de conduite rencontr\u00e9es.<\/p>\n\n\n\n<ul>\n<li>conna\u00eetre et ma\u00eetriser son v\u00e9hicule ;<\/li>\n\n\n\n<li>appr\u00e9hender la route ;<\/li>\n\n\n\n<li>partager la route avec les autres usagers ;<\/li>\n\n\n\n<li>autonomie et conscience du risque.<\/li>\n<\/ul>\n\n\n\n<h6 class=\"wp-block-heading\">\u00c9valuation<\/h6>\n\n\n\n<p>Pour chacune des comp\u00e9tences d\u00e9crites ci-dessus, l\u2019examinateur attribue la note 0, 1, 2, ou 3.<\/p>\n\n\n\n<p>L\u2019expert \u00e9value l\u2019autonomie et la conscience du risque du candidat au travers des comp\u00e9tences suivantes&nbsp;<\/p>\n\n\n\n<ul>\n<li>analyse des situations ;<\/li>\n\n\n\n<li>Adaptation aux situations ;<\/li>\n\n\n\n<li>Conduite autonome.<\/li>\n<\/ul>\n\n\n\n<h6 class=\"wp-block-heading\">Le certificat d\u2019examen du permis de conduite (C.E.P.C)<\/h6>\n\n\n\n<p>C\u2019est sur ce document que l\u2019examinateur note les erreurs commises par le candidat.<\/p>\n\n\n\n<p>\u00c0 l\u2019issue de chaque examen, sauf pour les candidats des lyc\u00e9es professionnels et les candidats excus\u00e9s \u00e0 l\u2019issue d\u2019une r\u00e9gularisation, l\u2019expert \u00e9tablit un certificat d\u2019examen du permis de conduire sur lequel il retranscrit le r\u00e9sultat de l\u2019\u00e9valuation du candidat.<\/p>\n\n\n\n<figure class=\"wp-block-image size-large\"><img loading=\"lazy\" decoding=\"async\" width=\"1024\" height=\"497\" src=\"http:\/\/hishima-conduite.fr\/wp-content\/uploads\/2018\/07\/voiture-1024x497.jpg\" alt=\"\" class=\"wp-image-221\" srcset=\"https:\/\/hishima-conduite.fr\/wp-content\/uploads\/2018\/07\/voiture-1024x497.jpg 1024w, https:\/\/hishima-conduite.fr\/wp-content\/uploads\/2018\/07\/voiture-300x146.jpg 300w, https:\/\/hishima-conduite.fr\/wp-content\/uploads\/2018\/07\/voiture-768x373.jpg 768w, https:\/\/hishima-conduite.fr\/wp-content\/uploads\/2018\/07\/voiture.jpg 1030w\" sizes=\"(max-width: 1024px) 100vw, 1024px\" \/><\/figure>\n","protected":false},"excerpt":{"rendered":"Le permis B permet de conduire des voitures dont le poids en charge est inf\u00e9rieur \u00e0 3,5 tonnes, et qui ne peuvent transporter plus de 8 passagers. Son obtention est soumise \u00e0 des conditions d\u2019\u00e2ge, de formation et de r\u00e9ussite \u00e0 un examen compos\u00e9 du <a href=\"https:\/\/hishima-conduite.fr\/?page_id=23\" title=\"PERMIS AUTO\">[Voir plus]<\/a>\n","protected":false},"author":1,"featured_media":0,"parent":0,"menu_order":0,"comment_status":"closed","ping_status":"closed","template":"","meta":{"footnotes":""},"_links":{"self":[{"href":"https:\/\/hishima-conduite.fr\/index.php?rest_route=\/wp\/v2\/pages\/23"}],"collection":[{"href":"https:\/\/hishima-conduite.fr\/index.php?rest_route=\/wp\/v2\/pages"}],"about":[{"href":"https:\/\/hishima-conduite.fr\/index.php?rest_route=\/wp\/v2\/types\/page"}],"author":[{"embeddable":true,"href":"https:\/\/hishima-conduite.fr\/index.php?rest_route=\/wp\/v2\/users\/1"}],"replies":[{"embeddable":true,"href":"https:\/\/hishima-conduite.fr\/index.php?rest_route=%2Fwp%2Fv2%2Fcomments&post=23"}],"version-history":[{"count":60,"href":"https:\/\/hishima-conduite.fr\/index.php?rest_route=\/wp\/v2\/pages\/23\/revisions"}],"predecessor-version":[{"id":687,"href":"https:\/\/hishima-conduite.fr\/index.php?rest_route=\/wp\/v2\/pages\/23\/revisions\/687"}],"wp:attachment":[{"href":"https:\/\/hishima-conduite.fr\/index.php?rest_route=%2Fwp%2Fv2%2Fmedia&parent=23"}],"curies":[{"name":"wp","href":"https:\/\/api.w.org\/{rel}","templated":true}]}}