{"id":190,"date":"2018-07-29T10:40:25","date_gmt":"2018-07-29T08:40:25","guid":{"rendered":"http:\/\/hishima-conduite.fr\/?page_id=190"},"modified":"2023-10-13T10:07:07","modified_gmt":"2023-10-13T08:07:07","slug":"presentation","status":"publish","type":"page","link":"https:\/\/hishima-conduite.fr\/?page_id=190","title":{"rendered":"Pr\u00e9sentation"},"content":{"rendered":"<h1 style=\"text-align: center;\"><span style=\"color: #ff0000;\"><strong>Auto &#8211; Moto &#8211; Ecole<\/strong><\/span><\/h1>\n<p>Pr\u00e9sentation :<\/p>\n<p>Ouverte en d\u00e9cembre 2014, l&rsquo;auto-\u00e9cole reste toujours parmi le 1er au niveau statistique de r\u00e9ussite \u00e0 Sada.<\/p>\n<p>HISHIMA Conduite se situe \u00e0 5 minutes du lyc\u00e9e de Sada.<\/p>\n<p>Adresse : 5 Impasse Boinaidi Moussa 97640 SADA<\/p>\n<p>Formation permis B :<\/p>\n<ul>\n<li>Code en salle (cours avec Moniteur)<\/li>\n<li>Code sur internet<\/li>\n<\/ul>\n<p>Conduite:<\/p>\n<ul>\n<li>Permis traditionnel<\/li>\n<li><span style=\"color: #ff0000;\"><strong>Conduite accompagn\u00e9e d\u00e8s 15 ans (AAC)<\/strong><\/span><\/li>\n<li><strong><span style=\"color: #ff0000;\">Nouveau : possibilit\u00e9 de passer le permis \u00e0 17 ans (si AAC + 1 ans)<\/span><\/strong><\/li>\n<li>Conduite supervis\u00e9e<\/li>\n<li>Perfectionnement<\/li>\n<\/ul>\n<p>Formation A:<\/p>\n<ul>\n<li>AM(50cc) formation 8h<\/li>\n<li>A1(125cc) si permis B + 2 ans<\/li>\n<li>A2 (grosse cylindr\u00e9e)<\/li>\n<li>A formation 7h si A2 + 2 ans<\/li>\n<\/ul>\n<p><strong>Formations post-permis<\/strong><\/p>\n<h3><strong><span style=\"color: #ff0000;\">Important :\u00a0<\/span><\/strong><\/h3>\n<p><span style=\"color: #ff0000;\"><strong>Avant de nous contacter pour un permis moto, merci de vous assurer que vous disposez des \u00e9quipements\u00a0obligatoires : <\/strong><\/span><\/p>\n<ul>\n<li><span style=\"color: #ff0000;\"><strong>Casque <\/strong><\/span><\/li>\n<li><span style=\"color: #ff0000;\"><strong>Veste <\/strong><\/span><\/li>\n<li><span style=\"color: #ff0000;\"><strong>Gants\u00a0 <\/strong><\/span><\/li>\n<li><span style=\"color: #ff0000;\"><strong>Jeans <\/strong><\/span><\/li>\n<li><span style=\"color: #ff0000;\"><strong>Chaussures montantes<\/strong><\/span><\/li>\n<\/ul>\n<h1><img loading=\"lazy\" decoding=\"async\" class=\"alignnone size-full wp-image-599\" src=\"http:\/\/hishima-conduite.fr\/wp-content\/uploads\/2020\/06\/planning.jpg\" alt=\"\" width=\"3024\" height=\"4032\" srcset=\"https:\/\/hishima-conduite.fr\/wp-content\/uploads\/2020\/06\/planning.jpg 3024w, https:\/\/hishima-conduite.fr\/wp-content\/uploads\/2020\/06\/planning-113x150.jpg 113w, https:\/\/hishima-conduite.fr\/wp-content\/uploads\/2020\/06\/planning-225x300.jpg 225w, https:\/\/hishima-conduite.fr\/wp-content\/uploads\/2020\/06\/planning-768x1024.jpg 768w\" sizes=\"(max-width: 3024px) 100vw, 3024px\" \/><\/h1>\n","protected":false},"excerpt":{"rendered":"Auto &#8211; Moto &#8211; Ecole Pr\u00e9sentation : Ouverte en d\u00e9cembre 2014, l&rsquo;auto-\u00e9cole reste toujours parmi le 1er au niveau statistique de r\u00e9ussite \u00e0 Sada. HISHIMA Conduite se situe \u00e0 5 minutes du lyc\u00e9e de Sada. Adresse : 5 Impasse Boinaidi Moussa 97640 SADA Formation permis <a href=\"https:\/\/hishima-conduite.fr\/?page_id=190\" title=\"Pr\u00e9sentation\">[Voir plus]<\/a>\n","protected":false},"author":2,"featured_media":0,"parent":0,"menu_order":1,"comment_status":"closed","ping_status":"closed","template":"","meta":{"footnotes":""},"_links":{"self":[{"href":"https:\/\/hishima-conduite.fr\/index.php?rest_route=\/wp\/v2\/pages\/190"}],"collection":[{"href":"https:\/\/hishima-conduite.fr\/index.php?rest_route=\/wp\/v2\/pages"}],"about":[{"href":"https:\/\/hishima-conduite.fr\/index.php?rest_route=\/wp\/v2\/types\/page"}],"author":[{"embeddable":true,"href":"https:\/\/hishima-conduite.fr\/index.php?rest_route=\/wp\/v2\/users\/2"}],"replies":[{"embeddable":true,"href":"https:\/\/hishima-conduite.fr\/index.php?rest_route=%2Fwp%2Fv2%2Fcomments&post=190"}],"version-history":[{"count":23,"href":"https:\/\/hishima-conduite.fr\/index.php?rest_route=\/wp\/v2\/pages\/190\/revisions"}],"predecessor-version":[{"id":715,"href":"https:\/\/hishima-conduite.fr\/index.php?rest_route=\/wp\/v2\/pages\/190\/revisions\/715"}],"wp:attachment":[{"href":"https:\/\/hishima-conduite.fr\/index.php?rest_route=%2Fwp%2Fv2%2Fmedia&parent=190"}],"curies":[{"name":"wp","href":"https:\/\/api.w.org\/{rel}","templated":true}]}}