{"id":15,"date":"2017-08-24T10:29:56","date_gmt":"2017-08-24T08:29:56","guid":{"rendered":"http:\/\/hishima-conduite.fr\/?page_id=15"},"modified":"2023-10-19T16:17:57","modified_gmt":"2023-10-19T14:17:57","slug":"planning","status":"publish","type":"page","link":"https:\/\/hishima-conduite.fr\/?page_id=15","title":{"rendered":"PERMIS A2"},"content":{"rendered":"<p><strong>Le permis A2<\/strong>\u00a0permet de conduire une motocyclette d\u2019une puissance n\u2019exc\u00e9dant pas 35 kw ou un tricycle \u00e0 moteur d\u2019une puissance maximale de 15 kw.<\/p>\n<div id=\"elementor-tab-title-1921\" class=\"elementor-tab-title elementor-active\" tabindex=\"0\" role=\"button\" data-tab=\"1\" aria-controls=\"elementor-tab-content-1921\" aria-expanded=\"true\" aria-selected=\"true\"><strong><a class=\"elementor-toggle-title\" tabindex=\"0\">CONDITIONS D&rsquo;ACC\u00c8S AU PERMIS A2<\/a><\/strong><\/div>\n<div id=\"elementor-tab-content-1921\" class=\"elementor-tab-content elementor-clearfix elementor-active\" role=\"region\" data-tab=\"1\" aria-labelledby=\"elementor-tab-title-1921\">\n<p>Pour vous inscrire au permis A2, vous devez\u00a0 \u00eatre \u00e2g\u00e9 de 18 ans minimum.<\/p>\n<\/div>\n<div id=\"elementor-tab-title-1922\" class=\"elementor-tab-title elementor-active\" tabindex=\"0\" role=\"button\" data-tab=\"2\" aria-controls=\"elementor-tab-content-1922\" aria-expanded=\"true\" aria-selected=\"true\"><strong><a class=\"elementor-toggle-title\" tabindex=\"0\">L\u2019\u00c9PREUVE TH\u00c9ORIQUE MOTO\u00a0<\/a><\/strong><\/div>\n<div tabindex=\"0\" role=\"button\" data-tab=\"2\" aria-controls=\"elementor-tab-content-1922\" aria-expanded=\"true\" aria-selected=\"true\">\u00a0<\/div>\n<div tabindex=\"0\" role=\"button\" data-tab=\"2\" aria-controls=\"elementor-tab-content-1922\" aria-expanded=\"true\" aria-selected=\"true\">Pour vous aider \u00e0 pr\u00e9parer votre code moto, vous pouvez vous entrainer en ligne, \u00e0 n\u2019importe quel moment via votre smartphone, ou ordinateur.<\/div>\n<div id=\"elementor-tab-content-1922\" class=\"elementor-tab-content elementor-clearfix elementor-active\" role=\"region\" data-tab=\"2\" aria-labelledby=\"elementor-tab-title-1922\">\n<p>Nos formateurs restent \u00e0 votre disposition et vous accompagne pour clarifier, expliquer et r\u00e9pondre \u00e0 vos questions.<\/p>\n<p>Une fois pr\u00eat(e), vous pouvez passer votre examen du code \u00e0 la Poste ou aupr\u00e8s d\u2019un centre agr\u00e9e par l\u2019\u00c9tat.<\/p>\n<p>Pour r\u00e9ussir cette \u00e9preuve, il faut obtenir au moins 35 bonnes r\u00e9ponses sur 40 questions (5 erreurs maximum).<\/p>\n<p>Vous conservez le b\u00e9n\u00e9fice de cette \u00e9preuve ETM pendant 5 ans \u00e0 compter de la date de r\u00e9ussite.<\/p>\n<\/div>\n<div id=\"elementor-tab-title-1923\" class=\"elementor-tab-title elementor-active\" tabindex=\"0\" role=\"button\" data-tab=\"3\" aria-controls=\"elementor-tab-content-1923\" aria-expanded=\"true\" aria-selected=\"true\"><strong><a class=\"elementor-toggle-title\" tabindex=\"0\">FORMATION PRATIQUE<\/a><\/strong><\/div>\n<div id=\"elementor-tab-content-1923\" class=\"elementor-tab-content elementor-clearfix elementor-active\" role=\"region\" data-tab=\"3\" aria-labelledby=\"elementor-tab-title-1923\">\n<p>L\u2019apprentissage de la conduite d\u2019une moto se d\u00e9roule en deux phases :<\/p>\n<ul>\n<li>Une phase \u00ab\u00a0hors circulation\u00a0\u00bb dite plateau d\u2019une dur\u00e9e minimum de 8 h. Durant cette partie, l\u2019\u00e9l\u00e8ve conducteur apprend \u00e0 :<\/li>\n<\/ul>\n<p>\u2013 d\u00e9placer sa moto sans l\u2019aide du moteur (pousser la moto)<\/p>\n<p>\u2013 d\u00e9placer sa moto \u00e0 allure lente sans et avec passager<\/p>\n<p>\u2013 r\u00e9aliser un freinage d\u2019urgence \u00e0 allure rapide<\/p>\n<p>\u2013\u00a0 effectuer un slalomer \u00e0 allure rapide et \u00e0<\/p>\n<p>\u2013\u00a0 r\u00e9aliser un \u00e9vitement d\u2019obstacle.<\/p>\n<ul>\n<li>Une phase\u00a0 en \u00ab\u00a0circulation\u00a0\u00bb est d\u2019une dur\u00e9e de 12 heures. Elle se d\u00e9roule sur route. L\u2019\u00e9l\u00e8ve apprend \u00e0 rouler en deux-roues avec d\u2019autres usagers en ayant une parfaite maitrise de sa machine, en respectant et appliquant les r\u00e8gles du code la route.<\/li>\n<\/ul>\n<div id=\"elementor-tab-title-1924\" class=\"elementor-tab-title elementor-active\" tabindex=\"0\" role=\"button\" data-tab=\"4\" aria-controls=\"elementor-tab-content-1924\" aria-expanded=\"true\" aria-selected=\"true\"><strong><a class=\"elementor-toggle-title\" tabindex=\"0\">D\u00c9ROULEMENT DE L&rsquo;EXAMEN MOTO<\/a><\/strong><\/div>\n<div id=\"elementor-tab-content-1924\" class=\"elementor-tab-content elementor-clearfix elementor-active\" role=\"region\" data-tab=\"4\" aria-labelledby=\"elementor-tab-title-1924\">\n<p>L\u2019\u00e9preuve pratique du permis moto permet de contr\u00f4ler si les connaissances, les aptitudes et le comportement des candidats leur permettent de circuler en toute s\u00e9curit\u00e9. L\u2019expert \u00e9value notamment l\u2019autonomie et la conscience du risque du candidat et cherche \u00e0 \u00e9valuer sa capacit\u00e9 d\u2019adaptation aux situations et sa conduite autonome.<\/p>\n<p>Cette \u00e9preuve se d\u00e9roule en deux parties :<\/p>\n<ol>\n<li>La partie hors circulation (plateau) comporte un parcours unique de 6 man\u0153uvres qui s\u2019encha\u00eenent : d\u00e9placer la moto sans l\u2019aide, d\u00e9placer la moto \u00e0 allure r\u00e9duite sans passager, effectuer un freinage d\u2019urgence, d\u00e9placer la moto \u00e0 allure r\u00e9duite avec passager, effectuer un slalom, effectuer un \u00e9vitement.<\/li>\n<\/ol>\n<p><em>Chaque candidat dispose de 2 essais pour r\u00e9aliser ces exercices les uns apr\u00e8s les autres.<\/em><\/p>\n<p>2. L\u2019\u00e9preuve en circulation.<\/p>\n<p>Elle n\u2019est accessible qu\u2019apr\u00e8s r\u00e9ussite du plateau. D\u2019une dur\u00e9e de 40 minutes, elle explore huit domaines de comp\u00e9tence : utiliser les commandes, prendre l\u2019information, analyser et d\u00e9cider, communiquer, diriger son v\u00e9hicule, adapter son allure, utiliser la chauss\u00e9e et maintenir les espaces de s\u00e9curit\u00e9.<\/p>\n<p>Lors de cette \u00e9preuve sera \u00e9valu\u00e9e le positionnement du motard sur sa voie de circulation, notamment lors de la prise de virage et sera v\u00e9rifi\u00e9 que la technique de la trajectoire de s\u00e9curit\u00e9 est ma\u00eetris\u00e9e.<\/p>\n<p>Pour obtenir un r\u00e9sultat favorable, il faut avoir 21 points sur 27 et ne pas commettre d\u2019erreur \u00e9liminatoire.<\/p>\n<\/div>\n<div id=\"elementor-tab-title-1925\" class=\"elementor-tab-title elementor-active\" tabindex=\"0\" role=\"button\" data-tab=\"5\" aria-controls=\"elementor-tab-content-1925\" aria-expanded=\"true\" aria-selected=\"true\"><strong><a class=\"elementor-toggle-title\" tabindex=\"0\">VALIDATION DU PERMIS<\/a><\/strong><\/div>\n<div id=\"elementor-tab-content-1925\" class=\"elementor-tab-content elementor-clearfix elementor-active\" role=\"region\" data-tab=\"5\" aria-labelledby=\"elementor-tab-title-1925\">\n<p>Une fois les deux parties de l\u2019examen moto valid\u00e9es, plateau et circulation, l\u2019expert d\u00e9livre un certificat d\u2019examen du permis de conduire avec avis favorable. Celui-ci permet \u00e0 l\u2019apprenti motard de circuler pendant 4 mois en attendant la fabrication de son permis d\u00e9finitif.<\/p>\n<\/div>\n<div id=\"elementor-tab-title-1926\" class=\"elementor-tab-title elementor-active\" tabindex=\"0\" role=\"button\" data-tab=\"6\" aria-controls=\"elementor-tab-content-1926\" aria-expanded=\"true\" aria-selected=\"true\"><strong><a class=\"elementor-toggle-title\" tabindex=\"0\">VALIDATION PERMIS A2 EN A &#8211; 7H DE FORMATION<\/a><\/strong><\/div>\n<div id=\"elementor-tab-content-1926\" class=\"elementor-tab-content elementor-clearfix elementor-active\" role=\"region\" data-tab=\"6\" aria-labelledby=\"elementor-tab-title-1926\">\n<p>Vous avez le permis A2 depuis au moins 2 ans, vous pouvez via \u00ab\u00a0la passerelle 7h\u00a0\u00bb, passer au permis A.<\/p>\n<p>En effet, si vous souhaitez ne plus avoir de restriction et pouvoir conduire une moto avec une puissance &gt;35 Kw, vous devez suivre une formation sans examen. Elle vous permet d\u2019actualiser vos connaissances, vos comp\u00e9tences en terme de conduite et vous perfectionner. Elle vous permet aussi de vous familiariser avec une nouvelle machine, son poids qui peut parfois \u00eatre important, mais aussi et surtout \u00e0 une puissance plus \u00e9lev\u00e9e que celle d\u00e9livr\u00e9e par les motos A2\u2026<\/p>\n<p>\u00c0 l\u2019issu, votre formateur vous d\u00e9livre une attestation de suivi de formation qui vous permettra de demander la d\u00e9livrance du permis A.<\/p>\n<\/div>\n<\/div>\n\n\n<p><strong>Le\u00e7on moto : Plateau<\/strong><\/p>\n\n\n\n<div style=\"width: 1920px;\" class=\"wp-video\"><!--[if lt IE 9]><script>document.createElement('video');<\/script><![endif]-->\n<video class=\"wp-video-shortcode\" id=\"video-15-1\" width=\"1920\" height=\"1080\" preload=\"metadata\" controls=\"controls\"><source type=\"video\/mp4\" src=\"http:\/\/hishima-conduite.fr\/wp-content\/uploads\/2019\/06\/20190601_102512.mp4?_=1\" \/><a href=\"http:\/\/hishima-conduite.fr\/wp-content\/uploads\/2019\/06\/20190601_102512.mp4\">http:\/\/hishima-conduite.fr\/wp-content\/uploads\/2019\/06\/20190601_102512.mp4<\/a><\/video><\/div>\n\n\n\n<p><strong>Le\u00e7on moto : Circulation<\/strong><\/p>\n\n\n\n<div style=\"width: 1920px;\" class=\"wp-video\"><video class=\"wp-video-shortcode\" id=\"video-15-2\" width=\"1920\" height=\"1080\" preload=\"metadata\" controls=\"controls\"><source type=\"video\/mp4\" src=\"http:\/\/hishima-conduite.fr\/wp-content\/uploads\/2019\/06\/20190501_095202.mp4?_=2\" \/><a href=\"http:\/\/hishima-conduite.fr\/wp-content\/uploads\/2019\/06\/20190501_095202.mp4\">http:\/\/hishima-conduite.fr\/wp-content\/uploads\/2019\/06\/20190501_095202.mp4<\/a><\/video><\/div>\n","protected":false},"excerpt":{"rendered":"Le permis A2\u00a0permet de conduire une motocyclette d\u2019une puissance n\u2019exc\u00e9dant pas 35 kw ou un tricycle \u00e0 moteur d\u2019une puissance maximale de 15 kw. CONDITIONS D&rsquo;ACC\u00c8S AU PERMIS A2 Pour vous inscrire au permis A2, vous devez\u00a0 \u00eatre \u00e2g\u00e9 de 18 ans minimum. L\u2019\u00c9PREUVE TH\u00c9ORIQUE <a href=\"https:\/\/hishima-conduite.fr\/?page_id=15\" title=\"PERMIS A2\">[Voir plus]<\/a>\n","protected":false},"author":1,"featured_media":0,"parent":0,"menu_order":0,"comment_status":"closed","ping_status":"closed","template":"","meta":{"footnotes":""},"_links":{"self":[{"href":"https:\/\/hishima-conduite.fr\/index.php?rest_route=\/wp\/v2\/pages\/15"}],"collection":[{"href":"https:\/\/hishima-conduite.fr\/index.php?rest_route=\/wp\/v2\/pages"}],"about":[{"href":"https:\/\/hishima-conduite.fr\/index.php?rest_route=\/wp\/v2\/types\/page"}],"author":[{"embeddable":true,"href":"https:\/\/hishima-conduite.fr\/index.php?rest_route=\/wp\/v2\/users\/1"}],"replies":[{"embeddable":true,"href":"https:\/\/hishima-conduite.fr\/index.php?rest_route=%2Fwp%2Fv2%2Fcomments&post=15"}],"version-history":[{"count":30,"href":"https:\/\/hishima-conduite.fr\/index.php?rest_route=\/wp\/v2\/pages\/15\/revisions"}],"predecessor-version":[{"id":760,"href":"https:\/\/hishima-conduite.fr\/index.php?rest_route=\/wp\/v2\/pages\/15\/revisions\/760"}],"wp:attachment":[{"href":"https:\/\/hishima-conduite.fr\/index.php?rest_route=%2Fwp%2Fv2%2Fmedia&parent=15"}],"curies":[{"name":"wp","href":"https:\/\/api.w.org\/{rel}","templated":true}]}}