{"id":12,"date":"2017-08-24T10:29:42","date_gmt":"2017-08-24T08:29:42","guid":{"rendered":"http:\/\/hishima-conduite.fr\/?page_id=12"},"modified":"2023-10-23T17:17:55","modified_gmt":"2023-10-23T15:17:55","slug":"contact","status":"publish","type":"page","link":"https:\/\/hishima-conduite.fr\/?page_id=12","title":{"rendered":"Contact"},"content":{"rendered":"<h2>Adresse : 5 Impasse Boinaidi Moussa 97640 SADA<\/h2>\n<h2>Mail : <a href=\"mailto:hishimaconduite@gmail.com\" target=\"_blank\" rel=\"noopener\">hishimaconduite@gmail.com<\/a><\/h2>\n<h2>Fix :\u00a0<a href=\"tel:0269702796\">0269702796<\/a><\/h2>\n<h2>Mobile :\u00a0<a href=\"tel:0639225165\">0639225165<\/a><\/h2>\n<h2>Map : <a href=\"https:\/\/maps.app.goo.gl\/FePquDPJsqEKTiWt5\">https:\/\/maps.app.goo.gl\/FePquDPJsqEKTiWt5<\/a><\/h2>\n<h2>Lien : <a href=\"http:\/\/hishima-conduite.fr\/\">http:\/\/hishima-conduite.fr\/<\/a><\/h2>\n<p><img loading=\"lazy\" decoding=\"async\" class=\"aligncenter wp-image-212 size-full\" src=\"http:\/\/hishima-conduite.fr\/wp-content\/uploads\/2018\/07\/hc-carte-site.jpg\" alt=\"\" width=\"900\" height=\"593\" srcset=\"https:\/\/hishima-conduite.fr\/wp-content\/uploads\/2018\/07\/hc-carte-site.jpg 900w, https:\/\/hishima-conduite.fr\/wp-content\/uploads\/2018\/07\/hc-carte-site-300x198.jpg 300w, https:\/\/hishima-conduite.fr\/wp-content\/uploads\/2018\/07\/hc-carte-site-768x506.jpg 768w\" sizes=\"(max-width: 900px) 100vw, 900px\" \/><\/p>\n<h3><strong><span style=\"color: #ff0000;\">Pi\u00e8ce \u00e0 fournir obligatoire \u00e0 l&rsquo;inscription :<\/span> \u00a0<\/strong><\/h3>\n<ul>\n<li><strong>Pi\u00e8ce d&rsquo;identit\u00e9<\/strong> (passeport, carte national d&rsquo;identit\u00e9 , carte de s\u00e9jour &#8230;)<\/li>\n<li><strong>Justificatif de domicile Facture de \u00a0moins de 3 mois<\/strong> (SMAE, Orange, EDM,&#8230;), si h\u00e9berg\u00e9 <strong>pi\u00e8ce d&rsquo;identit\u00e9<\/strong> de l&rsquo;h\u00e9bergeant et <strong>une attestation d&rsquo;h\u00e9bergement.<\/strong><\/li>\n<li><strong>Photos num\u00e9riques<\/strong> (format passeport)<\/li>\n<li><strong>JDC<\/strong> (si moins de 26 ans)<\/li>\n<li><strong>Attestation de recensement<\/strong> (si moins de 16 ans)<\/li>\n<li><strong>ASSR<\/strong> <strong>1 <\/strong>ou<strong> 2<\/strong><\/li>\n<li><strong>Cr\u00e9er un mail<\/strong> si vous n&rsquo;en avez pas.<\/li>\n<\/ul>\n<p><strong>les d\u00e9lais de repassage varient en fonction du nombre de places attribuer \u00e0 l&rsquo;auto-\u00e9cole.<\/strong><\/p>\n","protected":false},"excerpt":{"rendered":"Adresse : 5 Impasse Boinaidi Moussa 97640 SADA Mail : hishimaconduite@gmail.com Fix :\u00a00269702796 Mobile :\u00a00639225165 Map : https:\/\/maps.app.goo.gl\/FePquDPJsqEKTiWt5 Lien : http:\/\/hishima-conduite.fr\/ Pi\u00e8ce \u00e0 fournir obligatoire \u00e0 l&rsquo;inscription : \u00a0 Pi\u00e8ce d&rsquo;identit\u00e9 (passeport, carte national d&rsquo;identit\u00e9 , carte de s\u00e9jour &#8230;) Justificatif de domicile Facture de <a href=\"https:\/\/hishima-conduite.fr\/?page_id=12\" title=\"Contact\">[Voir plus]<\/a>\n","protected":false},"author":1,"featured_media":0,"parent":0,"menu_order":0,"comment_status":"closed","ping_status":"closed","template":"","meta":{"footnotes":""},"_links":{"self":[{"href":"https:\/\/hishima-conduite.fr\/index.php?rest_route=\/wp\/v2\/pages\/12"}],"collection":[{"href":"https:\/\/hishima-conduite.fr\/index.php?rest_route=\/wp\/v2\/pages"}],"about":[{"href":"https:\/\/hishima-conduite.fr\/index.php?rest_route=\/wp\/v2\/types\/page"}],"author":[{"embeddable":true,"href":"https:\/\/hishima-conduite.fr\/index.php?rest_route=\/wp\/v2\/users\/1"}],"replies":[{"embeddable":true,"href":"https:\/\/hishima-conduite.fr\/index.php?rest_route=%2Fwp%2Fv2%2Fcomments&post=12"}],"version-history":[{"count":33,"href":"https:\/\/hishima-conduite.fr\/index.php?rest_route=\/wp\/v2\/pages\/12\/revisions"}],"predecessor-version":[{"id":776,"href":"https:\/\/hishima-conduite.fr\/index.php?rest_route=\/wp\/v2\/pages\/12\/revisions\/776"}],"wp:attachment":[{"href":"https:\/\/hishima-conduite.fr\/index.php?rest_route=%2Fwp%2Fv2%2Fmedia&parent=12"}],"curies":[{"name":"wp","href":"https:\/\/api.w.org\/{rel}","templated":true}]}}